{"id":5371,"date":"2026-01-13T20:32:12","date_gmt":"2026-01-13T20:32:12","guid":{"rendered":"https:\/\/becaazul.com\/?page_id=5371"},"modified":"2026-01-15T21:03:08","modified_gmt":"2026-01-15T21:03:08","slug":"beca-azul-2-0","status":"publish","type":"page","link":"https:\/\/becaazul.com\/","title":{"rendered":"Beca Azul"},"content":{"rendered":"\t\t<div data-elementor-type=\"wp-page\" data-elementor-id=\"5371\" class=\"elementor elementor-5371\">\n\t\t\t\t\t\t<section class=\"elementor-section elementor-top-section elementor-element elementor-element-ca857ed elementor-section-stretched elementor-section-height-full elementor-section-boxed elementor-section-height-default elementor-section-items-middle\" data-id=\"ca857ed\" data-element_type=\"section\" data-e-type=\"section\" data-settings=\"{&quot;stretch_section&quot;:&quot;section-stretched&quot;,&quot;background_background&quot;:&quot;slideshow&quot;,&quot;background_slideshow_gallery&quot;:[{&quot;id&quot;:4849,&quot;url&quot;:&quot;http:\\\/\\\/becaazul.com\\\/wp-content\\\/uploads\\\/2025\\\/11\\\/DSC05105-scaled.jpg&quot;},{&quot;id&quot;:4613,&quot;url&quot;:&quot;http:\\\/\\\/becaazul.com\\\/wp-content\\\/uploads\\\/2025\\\/10\\\/DSC_6636-scaled.jpg&quot;},{&quot;id&quot;:4474,&quot;url&quot;:&quot;http:\\\/\\\/becaazul.com\\\/wp-content\\\/uploads\\\/2025\\\/09\\\/DSC05650-scaled.jpg&quot;},{&quot;id&quot;:4585,&quot;url&quot;:&quot;http:\\\/\\\/becaazul.com\\\/wp-content\\\/uploads\\\/2025\\\/10\\\/DSC05242-scaled.jpg&quot;}],&quot;background_slideshow_loop&quot;:&quot;yes&quot;,&quot;background_slideshow_slide_duration&quot;:5000,&quot;background_slideshow_slide_transition&quot;:&quot;fade&quot;,&quot;background_slideshow_transition_duration&quot;:500}\">\n\t\t\t\t\t\t\t<div class=\"elementor-background-overlay\"><\/div>\n\t\t\t\t\t\t\t<div class=\"elementor-container elementor-column-gap-default\">\n\t\t\t\t\t<div class=\"elementor-column elementor-col-100 elementor-top-column elementor-element elementor-element-ad8ecbc\" data-id=\"ad8ecbc\" data-element_type=\"column\" data-e-type=\"column\">\n\t\t\t<div class=\"elementor-widget-wrap elementor-element-populated\">\n\t\t\t\t\t\t<div class=\"elementor-element elementor-element-e462d36 elementor-widget elementor-widget-pix-sliding-text\" data-id=\"e462d36\" data-element_type=\"widget\" data-e-type=\"widget\" data-widget_type=\"pix-sliding-text.default\">\n\t\t\t\t<div class=\"elementor-widget-container\">\n\t\t\t\t\t<div id=\"el-e462d36\" class=\"mb-3 text-center \"><div class=\"d-inline-block\" style=\"max-width:700px;\"><h1 class=\"mb-32 pix-sliding-headline-2 animate-in font-weight-bold secondary-font display-3 \" data-anim-type=\"pix-sliding-text\" pix-anim-delay=\"500\" data-class=\"secondary-font text-white\" style=\"\"><span class=\"slide-in-container \"><span class=\"pix-sliding-item secondary-font text-white\" style=\"transition-delay: 0ms;\">BECA&#32;<\/span><\/span> <span class=\"slide-in-container \"><span class=\"pix-sliding-item secondary-font text-white\" style=\"transition-delay: 150ms;\">AZUL&#32;<\/span><\/span> <\/h1><\/div><\/div>\t\t\t\t<\/div>\n\t\t\t\t<\/div>\n\t\t\t\t<div class=\"elementor-element elementor-element-000f803 elementor-invisible elementor-widget elementor-widget-pix-text\" data-id=\"000f803\" data-element_type=\"widget\" data-e-type=\"widget\" data-widget_type=\"pix-text.default\">\n\t\t\t\t<div class=\"elementor-widget-container\">\n\t\t\t\t\t<div class=\"pix-el-text w-100 text-center \" ><p class=\"text-18 resp-option text-white text-center font-weight-bold\" ><span class=\"text-white animate-in d-inline-block\" data-anim-delay=\"400\" data-anim-type=\"fade-in-up\">La Beca Azul Marco Rodr\u00edguez Arias es una valiosa oportunidad de financiamiento destinada a proyectos de conservaci\u00f3n e investigaci\u00f3n en ciencias marinas.\nEsta beca est\u00e1 dirigida a estudiantes avanzados y j\u00f3venes profesionales, con un enfoque especial en apoyar iniciativas lideradas por mujeres.<\/span><\/p><\/div>\t\t\t\t<\/div>\n\t\t\t\t<\/div>\n\t\t\t\t<div class=\"elementor-element elementor-element-60f6a50 elementor-widget__width-auto elementor-widget elementor-widget-pix-button\" data-id=\"60f6a50\" data-element_type=\"widget\" data-e-type=\"widget\" data-widget_type=\"pix-button.default\">\n\t\t\t\t<div class=\"elementor-widget-container\">\n\t\t\t\t\t<a  href=\"https:\/\/pixfort.website\/redirect?to=essentials\" class=\"btn m-0     shadow-sm text-heading-default btn-white d-inline-flex align-items-center pix-hover-item       animate-in btn-md\"   data-anim-type=\"fade-in-left\" data-anim-delay=\"600\" ><svg class=\"pixfort-icon font-weight-bold  pix-hover-left  mr-2\" width=\"24\" height=\"24\"  data-name=\"Line\/pixfort-icon-cross-square-1\" viewBox=\"2 2 20 20\"><path fill=\"none\" stroke=\"var(--pf-icon-color)\" stroke-linecap=\"round\" stroke-linejoin=\"round\" stroke-width=\"var(--pf-icon-stroke-width)\" d=\"M6,3 L18,3 C19.6568542,3 21,4.34314575 21,6 L21,18 C21,19.6568542 19.6568542,21 18,21 L6,21 C4.34314575,21 3,19.6568542 3,18 L3,6 C3,4.34314575 4.34314575,3 6,3 Z M15.5,8.5 L8.5,15.5 M8.5,8.5 L15.5,15.5\"\/><\/svg><span class=\"font-weight-bold \" >Per\u00edodo de aplicaci\u00f3n cerrado<\/span><\/a>\t\t\t\t<\/div>\n\t\t\t\t<\/div>\n\t\t\t\t<div class=\"elementor-element elementor-element-357382a elementor-widget__width-auto elementor-widget elementor-widget-pix-button\" data-id=\"357382a\" data-element_type=\"widget\" data-e-type=\"widget\" data-widget_type=\"pix-button.default\">\n\t\t\t\t<div class=\"elementor-widget-container\">\n\t\t\t\t\t<a  href=\"https:\/\/becaazul.com\/?page_id=4496\" class=\"btn m-0     shadow-sm  bg-light-opacity-2 btn-gray-5 btn-custom-bg  d-inline-flex align-items-center pix-hover-item       animate-in btn-md\"   data-anim-type=\"fade-in-left\" data-anim-delay=\"800\" ><svg class=\"pixfort-icon font-weight-bold  pix-hover-left  mr-2\" width=\"24\" height=\"24\"  data-name=\"Line\/pixfort-icon-document-content-left-1\" viewBox=\"2 2 20 20\"><path fill=\"none\" stroke=\"var(--pf-icon-color)\" stroke-linecap=\"round\" stroke-linejoin=\"round\" stroke-width=\"var(--pf-icon-stroke-width)\" d=\"M7,3 L17,3 C18.1045695,3 19,3.8954305 19,5 L19,19 C19,20.1045695 18.1045695,21 17,21 L7,21 C5.8954305,21 5,20.1045695 5,19 L5,5 C5,3.8954305 5.8954305,3 7,3 Z M9,7 L15,7 M9,11 L15,11 M9,15 L11,15\"\/><\/svg><span class=\"font-weight-bold \" >Ver Lineamientos<\/span><\/a>\t\t\t\t<\/div>\n\t\t\t\t<\/div>\n\t\t\t\t<div class=\"elementor-element elementor-element-d966891 elementor-widget__width-initial elementor-widget-mobile__width-inherit elementor-invisible elementor-widget elementor-widget-pix-clients\" data-id=\"d966891\" data-element_type=\"widget\" data-e-type=\"widget\" data-widget_type=\"pix-clients.default\">\n\t\t\t\t<div class=\"elementor-widget-container\">\n\t\t\t\t\t<div class=\"clients row  \"><div class=\"d-none d-md-block clearfix w-100 col-12\"><\/div><div class=\"col-md col-6 -3 fly-sm text-center d-inline-block2 d-inline-flex client\"><a target=\"_self\" href=\"#\" class=\"align-self-center py-3 d-inline-block w-100\" title=\"OBT\"><img fetchpriority=\"high\" decoding=\"async\" width=\"2560\" height=\"2560\" src=\"https:\/\/becaazul.com\/wp-content\/uploads\/2025\/07\/Logos-01-scaled.png\" class=\"animate-in\" alt=\"OBT\" data-anim-type=\"pix-3d-left-in\" data-anim-delay=\"0\" srcset=\"https:\/\/becaazul.com\/wp-content\/uploads\/2025\/07\/Logos-01-scaled.png 2560w, https:\/\/becaazul.com\/wp-content\/uploads\/2025\/07\/Logos-01-300x300.png 300w, https:\/\/becaazul.com\/wp-content\/uploads\/2025\/07\/Logos-01-1024x1024.png 1024w, https:\/\/becaazul.com\/wp-content\/uploads\/2025\/07\/Logos-01-150x150.png 150w, https:\/\/becaazul.com\/wp-content\/uploads\/2025\/07\/Logos-01-768x768.png 768w, https:\/\/becaazul.com\/wp-content\/uploads\/2025\/07\/Logos-01-1536x1536.png 1536w, https:\/\/becaazul.com\/wp-content\/uploads\/2025\/07\/Logos-01-2048x2048.png 2048w, https:\/\/becaazul.com\/wp-content\/uploads\/2025\/07\/Logos-01-75x75.png 75w, https:\/\/becaazul.com\/wp-content\/uploads\/2025\/07\/Logos-01-460x460.png 460w\" sizes=\"(max-width: 2560px) 100vw, 2560px\" \/><\/a><\/div><div class=\"col-md col-6 -3 fly-sm text-center d-inline-block2 d-inline-flex client\"><a target=\"_self\" href=\"#\" class=\"align-self-center py-3 d-inline-block w-100\" title=\"Espacio\"><\/a><\/div><div class=\"col-md col-6 -3 fly-sm text-center d-inline-block2 d-inline-flex client\"><a target=\"_self\" href=\"#\" class=\"align-self-center py-3 d-inline-block w-100\" title=\"MT\"><img decoding=\"async\" width=\"2476\" height=\"1264\" src=\"https:\/\/becaazul.com\/wp-content\/uploads\/2025\/07\/Blanco.png\" class=\"animate-in\" alt=\"MT\" data-anim-type=\"pix-3d-left-in\" data-anim-delay=\"400\" srcset=\"https:\/\/becaazul.com\/wp-content\/uploads\/2025\/07\/Blanco.png 2476w, https:\/\/becaazul.com\/wp-content\/uploads\/2025\/07\/Blanco-300x153.png 300w, https:\/\/becaazul.com\/wp-content\/uploads\/2025\/07\/Blanco-1024x523.png 1024w, https:\/\/becaazul.com\/wp-content\/uploads\/2025\/07\/Blanco-768x392.png 768w, https:\/\/becaazul.com\/wp-content\/uploads\/2025\/07\/Blanco-1536x784.png 1536w, https:\/\/becaazul.com\/wp-content\/uploads\/2025\/07\/Blanco-2048x1046.png 2048w\" sizes=\"(max-width: 2476px) 100vw, 2476px\" \/><\/a><\/div><\/div>\n\t\t\t\t<\/div>\n\t\t\t\t<\/div>\n\t\t\t\t\t<\/div>\n\t\t<\/div>\n\t\t\t\t\t<\/div>\n\t\t<\/section>\n\t\t\t\t<section class=\"elementor-section elementor-top-section elementor-element elementor-element-7a42a189 elementor-section-stretched elementor-section-full_width elementor-section-height-default elementor-section-height-default\" data-id=\"7a42a189\" data-element_type=\"section\" data-e-type=\"section\" data-settings=\"{&quot;stretch_section&quot;:&quot;section-stretched&quot;,&quot;background_background&quot;:&quot;classic&quot;}\">\n\t\t\t\t\t\t<div class=\"elementor-container elementor-column-gap-no\">\n\t\t\t\t\t<div class=\"elementor-column elementor-col-100 elementor-top-column elementor-element elementor-element-46850eb1\" data-id=\"46850eb1\" data-element_type=\"column\" data-e-type=\"column\">\n\t\t\t<div class=\"elementor-widget-wrap elementor-element-populated\">\n\t\t\t\t\t\t<div class=\"elementor-element elementor-element-5d161d38 elementor-widget elementor-widget-pix-dividers\" data-id=\"5d161d38\" data-element_type=\"widget\" data-e-type=\"widget\" data-widget_type=\"pix-dividers.default\">\n\t\t\t\t<div class=\"elementor-widget-container\">\n\t\t\t\t\t<div class=\"pix-divider  position-relative pix-bottom-divider\" data-style=\"style-dynamic\" ><div class=\"pix-dividers-box w-100 position-relative d-inline-block\" >\n                    <svg class=\"pix-shape-dividers\"  viewBox=\"0 0 100 100\" preserveAspectRatio=\"none\">\n                        <defs><linearGradient id=\"divider-pix-accordion-133993-bottom-overlay-color-0\" x1=\"0%\" y1=\"0%\" x2=\"100%\" y2=\"0%\"><stop offset=\"0%\"   stop-color=\"rgba(255, 255, 255, 0.5)\"\/><stop offset=\"100%\"   stop-color=\"rgba(255, 255, 255, 0.01)\"\/><\/linearGradient><linearGradient id=\"divider-pix-accordion-133993-bottom-overlay-color-1\" x1=\"0%\" y1=\"0%\" x2=\"100%\" y2=\"0%\"><stop offset=\"0%\"   stop-color=\"rgba(255, 255, 255, 0.01)\"\/><stop offset=\"100%\"   stop-color=\"rgba(255, 255, 255, 0.45)\"\/><\/linearGradient><\/defs><path d=\"\" class=\"\" fill=\"url(#divider-pix-accordion-133993-bottom-overlay-color-0)\"><\/path><path d=\"\" class=\"\" fill=\"url(#divider-pix-accordion-133993-bottom-overlay-color-1)\"><\/path><path d=\"\" class=\"\" fill=\"#F8F9FA\"><\/path>\n                    <\/svg>\n                <\/div><\/div>\t\t\t\t<\/div>\n\t\t\t\t<\/div>\n\t\t\t\t\t<\/div>\n\t\t<\/div>\n\t\t\t\t\t<\/div>\n\t\t<\/section>\n\t\t\t\t<section class=\"elementor-section elementor-top-section elementor-element elementor-element-2b100daa elementor-section-boxed elementor-section-height-default elementor-section-height-default\" data-id=\"2b100daa\" data-element_type=\"section\" data-e-type=\"section\" data-settings=\"{&quot;background_background&quot;:&quot;classic&quot;}\">\n\t\t\t\t\t\t<div class=\"elementor-container elementor-column-gap-default\">\n\t\t\t\t\t<div class=\"elementor-column elementor-col-100 elementor-top-column elementor-element elementor-element-148244fc\" data-id=\"148244fc\" data-element_type=\"column\" data-e-type=\"column\">\n\t\t\t<div class=\"elementor-widget-wrap elementor-element-populated\">\n\t\t\t\t\t\t<section class=\"elementor-section elementor-inner-section elementor-element elementor-element-14a4083 elementor-section-boxed elementor-section-height-default elementor-section-height-default\" data-id=\"14a4083\" data-element_type=\"section\" data-e-type=\"section\">\n\t\t\t\t\t\t<div class=\"elementor-container elementor-column-gap-default\">\n\t\t\t\t\t<div class=\"elementor-column elementor-col-50 elementor-inner-column elementor-element elementor-element-58bf8cd3\" data-id=\"58bf8cd3\" data-element_type=\"column\" data-e-type=\"column\">\n\t\t\t<div class=\"elementor-widget-wrap elementor-element-populated\">\n\t\t\t\t\t\t<div class=\"elementor-element elementor-element-53d73aca elementor-invisible elementor-widget elementor-widget-pix-promo-box\" data-id=\"53d73aca\" data-element_type=\"widget\" data-e-type=\"widget\" data-widget_type=\"pix-promo-box.default\">\n\t\t\t\t<div class=\"elementor-widget-container\">\n\t\t\t\t\t<div class=\"animate-in w-100\" data-anim-type=\"pix-3d-down-in\" data-anim-delay=\"600\"><div class=\"pix-promo-box card w-100 bg-heading-default  pix-hover-item rounded-10 position-relative overflow-hidden text-white    text-left w-100 d-block\"  ><img decoding=\"async\" src=\"https:\/\/becaazul.com\/wp-content\/uploads\/2025\/07\/Ilena-Zanella-by-Diego-Mejias-scaled.jpg\" class=\"card-img pix-bg-image pix-img-scale h-100 rounded-10 pix-opacity-6 pix-hover-opacity-4\" alt=\"Sobre Misi\u00f3n Tibur\u00f3n\"><a href=\"https:\/\/becaazul.com\/?page_id=4403\"  class=\"d-inline-block w-100 pix-img-overlay pix-p-20 d-flex align-items-end\" style=\"min-height:400px;\"><div class=\"w-100\"><h5 class=\"card-title font-weight-bold secondary-font text-white pix-my-10\" style=\"\">Sobre Misi\u00f3n Tibur\u00f3n<\/h5><span class=\"d-flex align-items-center font-weight-bold text-light-opacity-6 \" ><span>ver m\u00e1s<\/span><svg class=\"pixfort-icon pix-hover-right pix-hover-item pix-ml-5\" width=\"24\" height=\"24\"  data-name=\"Line\/pixfort-icon-arrow-right-2\" viewBox=\"2 2 20 20\"><polyline fill=\"none\" stroke=\"var(--pf-icon-color)\" stroke-linecap=\"round\" stroke-linejoin=\"round\" stroke-width=\"var(--pf-icon-stroke-width)\" points=\"9.5 17 14.5 12 9.5 7\"\/><\/svg><\/span><\/div><\/a><\/div><\/div>\t\t\t\t<\/div>\n\t\t\t\t<\/div>\n\t\t\t\t<div class=\"elementor-element elementor-element-ab2b9ce elementor-invisible elementor-widget elementor-widget-pix-promo-box\" data-id=\"ab2b9ce\" data-element_type=\"widget\" data-e-type=\"widget\" data-widget_type=\"pix-promo-box.default\">\n\t\t\t\t<div class=\"elementor-widget-container\">\n\t\t\t\t\t<div class=\"animate-in w-100\" data-anim-type=\"pix-3d-down-in\" data-anim-delay=\"600\"><div class=\"pix-promo-box card w-100 bg-heading-default  pix-hover-item rounded-10 position-relative overflow-hidden text-white    text-left w-100 d-block\"  ><img decoding=\"async\" src=\"https:\/\/becaazul.com\/wp-content\/uploads\/2025\/10\/20220626_103328-scaled-e1759300493344.jpg\" class=\"card-img pix-bg-image pix-img-scale h-100 rounded-10 pix-opacity-6 pix-hover-opacity-4\" alt=\"Marco Rodr\u00edguez Arias\"><a href=\"https:\/\/becaazul.com\/?page_id=4345\"  class=\"d-inline-block w-100 pix-img-overlay pix-p-20 d-flex align-items-end\" style=\"min-height:400px;\"><div class=\"w-100\"><h5 class=\"card-title font-weight-bold secondary-font text-white pix-my-10\" style=\"\">Marco Rodr\u00edguez Arias<\/h5><span class=\"d-flex align-items-center font-weight-bold text-light-opacity-6 \" ><span>ver m\u00e1s<\/span><svg class=\"pixfort-icon pix-hover-right pix-hover-item pix-ml-5\" width=\"24\" height=\"24\"  data-name=\"Line\/pixfort-icon-arrow-right-2\" viewBox=\"2 2 20 20\"><polyline fill=\"none\" stroke=\"var(--pf-icon-color)\" stroke-linecap=\"round\" stroke-linejoin=\"round\" stroke-width=\"var(--pf-icon-stroke-width)\" points=\"9.5 17 14.5 12 9.5 7\"\/><\/svg><\/span><\/div><\/a><\/div><\/div>\t\t\t\t<\/div>\n\t\t\t\t<\/div>\n\t\t\t\t\t<\/div>\n\t\t<\/div>\n\t\t\t\t<div class=\"elementor-column elementor-col-50 elementor-inner-column elementor-element elementor-element-36c6a93\" data-id=\"36c6a93\" data-element_type=\"column\" data-e-type=\"column\">\n\t\t\t<div class=\"elementor-widget-wrap elementor-element-populated\">\n\t\t\t\t\t\t<div class=\"elementor-element elementor-element-fe3f9b9 elementor-invisible elementor-widget elementor-widget-pix-promo-box\" data-id=\"fe3f9b9\" data-element_type=\"widget\" data-e-type=\"widget\" data-widget_type=\"pix-promo-box.default\">\n\t\t\t\t<div class=\"elementor-widget-container\">\n\t\t\t\t\t<div class=\"animate-in w-100\" data-anim-type=\"pix-3d-down-in\" data-anim-delay=\"600\"><div class=\"pix-promo-box card w-100 bg-heading-default  pix-hover-item rounded-10 position-relative overflow-hidden text-white    text-left w-100 d-block\"  ><img decoding=\"async\" src=\"https:\/\/becaazul.com\/wp-content\/uploads\/2025\/09\/DSC05650-scaled.jpg\" class=\"card-img pix-bg-image pix-img-scale h-100 rounded-10 pix-opacity-6 pix-hover-opacity-4\" alt=\"La Beca Azul M.R.A.\"><a href=\"https:\/\/becaazul.com\/?page_id=4324\"  class=\"d-inline-block w-100 pix-img-overlay pix-p-20 d-flex align-items-end\" style=\"min-height:400px;\"><div class=\"w-100\"><h5 class=\"card-title font-weight-bold secondary-font text-white pix-my-10\" style=\"\">La Beca Azul M.R.A.<\/h5><span class=\"d-flex align-items-center font-weight-bold text-light-opacity-6 \" ><span>ver m\u00e1s<\/span><svg class=\"pixfort-icon pix-hover-right pix-hover-item pix-ml-5\" width=\"24\" height=\"24\"  data-name=\"Line\/pixfort-icon-arrow-right-2\" viewBox=\"2 2 20 20\"><polyline fill=\"none\" stroke=\"var(--pf-icon-color)\" stroke-linecap=\"round\" stroke-linejoin=\"round\" stroke-width=\"var(--pf-icon-stroke-width)\" points=\"9.5 17 14.5 12 9.5 7\"\/><\/svg><\/span><\/div><\/a><\/div><\/div>\t\t\t\t<\/div>\n\t\t\t\t<\/div>\n\t\t\t\t<div class=\"elementor-element elementor-element-e1fcd65 elementor-invisible elementor-widget elementor-widget-pix-promo-box\" data-id=\"e1fcd65\" data-element_type=\"widget\" data-e-type=\"widget\" data-widget_type=\"pix-promo-box.default\">\n\t\t\t\t<div class=\"elementor-widget-container\">\n\t\t\t\t\t<div class=\"animate-in w-100\" data-anim-type=\"pix-3d-down-in\" data-anim-delay=\"600\"><div class=\"pix-promo-box card w-100 bg-heading-default  pix-hover-item rounded-10 position-relative overflow-hidden text-white    text-left w-100 d-block\"  ><img decoding=\"async\" src=\"https:\/\/becaazul.com\/wp-content\/uploads\/2025\/11\/DSC05194-scaled.jpg\" class=\"card-img pix-bg-image pix-img-scale h-100 rounded-10 pix-opacity-6 pix-hover-opacity-4\" alt=\"Embajadores Beca Azul\"><a href=\"https:\/\/becaazul.com\/?page_id=4748\"  class=\"d-inline-block w-100 pix-img-overlay pix-p-20 d-flex align-items-end\" style=\"min-height:400px;\"><div class=\"w-100\"><h5 class=\"card-title font-weight-bold secondary-font text-white pix-my-10\" style=\"\">Embajadores Beca Azul<\/h5><span class=\"d-flex align-items-center font-weight-bold text-light-opacity-6 \" ><span>ver m\u00e1s<\/span><svg class=\"pixfort-icon pix-hover-right pix-hover-item pix-ml-5\" width=\"24\" height=\"24\"  data-name=\"Line\/pixfort-icon-arrow-right-2\" viewBox=\"2 2 20 20\"><polyline fill=\"none\" stroke=\"var(--pf-icon-color)\" stroke-linecap=\"round\" stroke-linejoin=\"round\" stroke-width=\"var(--pf-icon-stroke-width)\" points=\"9.5 17 14.5 12 9.5 7\"\/><\/svg><\/span><\/div><\/a><\/div><\/div>\t\t\t\t<\/div>\n\t\t\t\t<\/div>\n\t\t\t\t\t<\/div>\n\t\t<\/div>\n\t\t\t\t\t<\/div>\n\t\t<\/section>\n\t\t\t\t\t<\/div>\n\t\t<\/div>\n\t\t\t\t\t<\/div>\n\t\t<\/section>\n\t\t\t\t<\/div>\n\t\t","protected":false},"excerpt":{"rendered":"<p>BECA&#32; AZUL&#32; La Beca Azul Marco Rodr\u00edguez Arias es una valiosa oportunidad de financiamiento destinada a proyectos de conservaci\u00f3n e investigaci\u00f3n en ciencias marinas. Esta beca est\u00e1 dirigida a estudiantes avanzados y j\u00f3venes profesionales, con un enfoque especial en apoyar&#8230;<\/p>\n","protected":false},"author":1,"featured_media":0,"parent":0,"menu_order":0,"comment_status":"closed","ping_status":"closed","template":"","meta":{"footnotes":""},"class_list":["post-5371","page","type-page","status-publish","hentry"],"_links":{"self":[{"href":"https:\/\/becaazul.com\/index.php?rest_route=\/wp\/v2\/pages\/5371","targetHints":{"allow":["GET"]}}],"collection":[{"href":"https:\/\/becaazul.com\/index.php?rest_route=\/wp\/v2\/pages"}],"about":[{"href":"https:\/\/becaazul.com\/index.php?rest_route=\/wp\/v2\/types\/page"}],"author":[{"embeddable":true,"href":"https:\/\/becaazul.com\/index.php?rest_route=\/wp\/v2\/users\/1"}],"replies":[{"embeddable":true,"href":"https:\/\/becaazul.com\/index.php?rest_route=%2Fwp%2Fv2%2Fcomments&post=5371"}],"version-history":[{"count":93,"href":"https:\/\/becaazul.com\/index.php?rest_route=\/wp\/v2\/pages\/5371\/revisions"}],"predecessor-version":[{"id":5472,"href":"https:\/\/becaazul.com\/index.php?rest_route=\/wp\/v2\/pages\/5371\/revisions\/5472"}],"wp:attachment":[{"href":"https:\/\/becaazul.com\/index.php?rest_route=%2Fwp%2Fv2%2Fmedia&parent=5371"}],"curies":[{"name":"wp","href":"https:\/\/api.w.org\/{rel}","templated":true}]}}